{"id":4499,"date":"2019-07-11T06:55:53","date_gmt":"2019-07-11T06:55:53","guid":{"rendered":"https:\/\/les-murs-paint.com\/about\/"},"modified":"2021-01-08T08:12:15","modified_gmt":"2021-01-08T07:12:15","slug":"a-propos-de-nous","status":"publish","type":"page","link":"https:\/\/les-murs-paint.com\/fr\/a-propos-de-nous\/","title":{"rendered":"\u00c0 propos de nous"},"content":{"rendered":"\t\t<div data-elementor-type=\"wp-post\" data-elementor-id=\"4499\" class=\"elementor elementor-4499\" data-elementor-post-type=\"page\">\n\t\t\t\t\t\t<section class=\"elementor-section elementor-top-section elementor-element elementor-element-89778b6 elementor-section-stretched elementor-section-boxed elementor-section-height-default elementor-section-height-default\" data-id=\"89778b6\" data-element_type=\"section\" data-settings=\"{&quot;stretch_section&quot;:&quot;section-stretched&quot;}\">\n\t\t\t\t\t\t<div class=\"elementor-container elementor-column-gap-default\">\n\t\t\t\t\t<div class=\"elementor-column elementor-col-50 elementor-top-column elementor-element elementor-element-8b7fdac\" data-id=\"8b7fdac\" data-element_type=\"column\">\n\t\t\t<div class=\"elementor-widget-wrap elementor-element-populated\">\n\t\t\t\t\t\t<div class=\"elementor-element elementor-element-6e5b6ed elementor-widget elementor-widget-rt-title\" data-id=\"6e5b6ed\" data-element_type=\"widget\" data-widget_type=\"rt-title.default\">\n\t\t\t\t<div class=\"elementor-widget-container\">\n\t\t\t<div class=\"sec-title style3 left barhide\">\n\t<div class=\"sec-title-holder\">\n\t\t\t\t<h2 class=\"rtin-title\">\u00c0 propos de nous<\/h2>\n\t\t\t\t\t<\/div>\n<\/div>\n\t\t<\/div>\n\t\t\t\t<\/div>\n\t\t\t\t<div class=\"elementor-element elementor-element-4ae4695 elementor-widget elementor-widget-rt-text-with-button\" data-id=\"4ae4695\" data-element_type=\"widget\" data-widget_type=\"rt-text-with-button.default\">\n\t\t\t\t<div class=\"elementor-widget-container\">\n\t\t\t<div class=\"title-text-button left barhide text-style1\">\n\t\t\t<div class=\"rtin-content\" style=\"\"><p>L'entreprise est sp\u00e9cialis\u00e9e dans la production de papier peint photo 2D et 3D, \u00e9galement dans l'\u00e9laboration de fresque murale, ainsi que de tableaux multi panneaux, et de store avec impression photo. <br \/>Tout au long de notre carri\u00e8re, nous avons r\u00e9alis\u00e9 de nombreux projets originaux, sur des dimensions non standardis\u00e9es au choix du client, des centaines de cr\u00e9ations atypiques pour d\u00e9corer les pi\u00e8ces de styles et d'atmosph\u00e8res diff\u00e9rentes.<\/p><p>A la pointe de la technologie, notre \u00e9quipement moderne nous permet d'obtenir une impression de haute qualit\u00e9. Nous utilisons uniquement de l'encre \u00e9cologique, inodore et absolument sans danger pour la sant\u00e9. Celle-ci donne une image durable, lumineuse, riche et qui ne se d\u00e9colore pas au soleil. Notre objectif est de r\u00e9aliser les souhaits de chaque client pour que leurs espaces soient compl\u00e9tement transform\u00e9s, \u00e9l\u00e9gants, modernes et uniques.<\/p><\/div>\n\t<\/div>\t\t<\/div>\n\t\t\t\t<\/div>\n\t\t\t\t<div class=\"elementor-element elementor-element-d9b83bf elementor-widget elementor-widget-rt-text-with-button\" data-id=\"d9b83bf\" data-element_type=\"widget\" data-widget_type=\"rt-text-with-button.default\">\n\t\t\t\t<div class=\"elementor-widget-container\">\n\t\t\t<div class=\"title-text-button left barhide text-style1\">\n\t\t\t<div class=\"rtin-content\" style=\"\"><p>Textures:<\/p><p><strong>Papier peint photo 2D\/3D:<\/strong><\/p><ul><li>Vinyle sur une base non tiss\u00e9e (\u00e0 partir de 75\u20ac m\u00b2) + pose \u00e0 la demande du client<\/li><li>Photo papier peint (\u00e0 partir de 55 \u20ac m\u00b2) + pose \u00e0 la demande du client<\/li><\/ul><p><strong>Fresque murale:<\/strong><\/p><ul><li>est r\u00e9alis\u00e9e sur une base non-tiss\u00e9e, le motif est appliqu\u00e9 avec un enduit d\u00e9coratif sp\u00e9cial, ensuite lorsque le tissu est pr\u00eat, un tirage photo est appliqu\u00e9 (\u00e0 partir de 95 \u20ac m\u00b2) + pose \u00e0 la demande du client<\/li><\/ul><p><strong>Tableau multi panneau<\/strong>:<\/p><ul><li>se compose de plusieurs segments, chacun d'eux est dessin\u00e9 sur un panneau s\u00e9par\u00e9 (\u00e0 partir de 95 \u20ac m<\/li><\/ul><p><strong>Store avec impression photo:<\/strong><\/p><ul><li>peinture souple et mat\u00e9riaux respectueux de l'environnement (\u00e0 partir de 75 \u20ac m\u00b2) + pose \u00e0 la demande du client<\/li><\/ul><\/div>\n\t<\/div>\t\t<\/div>\n\t\t\t\t<\/div>\n\t\t\t\t\t<\/div>\n\t\t<\/div>\n\t\t\t\t<div class=\"elementor-column elementor-col-50 elementor-top-column elementor-element elementor-element-f71a52c\" data-id=\"f71a52c\" data-element_type=\"column\" data-settings=\"{&quot;background_background&quot;:&quot;classic&quot;}\">\n\t\t\t<div class=\"elementor-widget-wrap elementor-element-populated\">\n\t\t\t\t\t\t<div class=\"elementor-element elementor-element-00c4c45 elementor-widget elementor-widget-rt-image\" data-id=\"00c4c45\" data-element_type=\"widget\" data-widget_type=\"rt-image.default\">\n\t\t\t\t<div class=\"elementor-widget-container\">\n\t\t\t<div class=\"rt-image\">\n\t<div class=\"rt-image-one js-tilt\">\n\t\t<img fetchpriority=\"high\" decoding=\"async\" width=\"443\" height=\"433\" src=\"https:\/\/les-murs-paint.com\/wp-content\/uploads\/2020\/12\/img_tri_1.png\" class=\"attachment-full size-full\" alt=\"\" srcset=\"https:\/\/les-murs-paint.com\/wp-content\/uploads\/2020\/12\/img_tri_1.png 443w, https:\/\/les-murs-paint.com\/wp-content\/uploads\/2020\/12\/img_tri_1-300x293.png 300w\" sizes=\"(max-width: 443px) 100vw, 443px\" \/>\t\t\t\t\n\t<\/div>\n\t<div class=\"rt-image-two js-tilt\">\n\t\t<img decoding=\"async\" width=\"353\" height=\"353\" src=\"https:\/\/les-murs-paint.com\/wp-content\/uploads\/2020\/12\/img_tri_3.png\" class=\"attachment-full size-full\" alt=\"\" srcset=\"https:\/\/les-murs-paint.com\/wp-content\/uploads\/2020\/12\/img_tri_3.png 353w, https:\/\/les-murs-paint.com\/wp-content\/uploads\/2020\/12\/img_tri_3-300x300.png 300w, https:\/\/les-murs-paint.com\/wp-content\/uploads\/2020\/12\/img_tri_3-150x150.png 150w, https:\/\/les-murs-paint.com\/wp-content\/uploads\/2020\/12\/img_tri_3-100x100.png 100w\" sizes=\"(max-width: 353px) 100vw, 353px\" \/>\t\t\t\t\n\t<\/div>\n\t<div class=\"rt-image-three js-tilt\">\n\t\t<img decoding=\"async\" width=\"341\" height=\"341\" src=\"https:\/\/les-murs-paint.com\/wp-content\/uploads\/2020\/12\/img_tri_2.png\" class=\"attachment-full size-full\" alt=\"\" srcset=\"https:\/\/les-murs-paint.com\/wp-content\/uploads\/2020\/12\/img_tri_2.png 341w, https:\/\/les-murs-paint.com\/wp-content\/uploads\/2020\/12\/img_tri_2-300x300.png 300w, https:\/\/les-murs-paint.com\/wp-content\/uploads\/2020\/12\/img_tri_2-150x150.png 150w, https:\/\/les-murs-paint.com\/wp-content\/uploads\/2020\/12\/img_tri_2-100x100.png 100w\" sizes=\"(max-width: 341px) 100vw, 341px\" \/>\t\t\t\t\n\t<\/div>\n<\/div>\t\t<\/div>\n\t\t\t\t<\/div>\n\t\t\t\t<div class=\"elementor-element elementor-element-94b758c elementor-widget elementor-widget-rt-info-box\" data-id=\"94b758c\" data-element_type=\"widget\" data-widget_type=\"rt-info-box.default\">\n\t\t\t\t<div class=\"elementor-widget-container\">\n\t\t\t<div class=\"info-box media info-style5 left\">\n\t<div class=\"rtin-item media rtin-icon\">\n\t\t<div class=\"rtin-media\">\n\t\t\t<span>\n\t\t\t\t\t\t\t\t\t<span  style=\"\"><i class=\"fa fa-check\" aria-hidden=\"true\"><\/i><\/span>\n\t\t\t\t\t\t\t<\/span>\n\t\t<\/div>\n\t\t<div class=\"media-body rtin-content\">\n\t\t\t\t\t\t<h3 class=\"rtin-item-title\">Mat\u00e9riaux \u00e9cologiques<\/h3>\n\t\t\t\t\t\t<div class=\"rtin-text\"><p>Nous utilisons des mat\u00e9riaux \u00e9cologiques, inodores et absolument sans danger pour les enfants<\/p><\/div>\n\t\t\t\t\t\t\n\t\t\t\t\t<\/div>\n\t<\/div>\n<\/div>\t\t<\/div>\n\t\t\t\t<\/div>\n\t\t\t\t<div class=\"elementor-element elementor-element-5fd2539 elementor-widget elementor-widget-rt-info-box\" data-id=\"5fd2539\" data-element_type=\"widget\" data-widget_type=\"rt-info-box.default\">\n\t\t\t\t<div class=\"elementor-widget-container\">\n\t\t\t<div class=\"info-box media info-style5 left\">\n\t<div class=\"rtin-item media rtin-icon\">\n\t\t<div class=\"rtin-media\">\n\t\t\t<span>\n\t\t\t\t\t\t\t\t\t<span  style=\"\"><i class=\"fa fa-check\" aria-hidden=\"true\"><\/i><\/span>\n\t\t\t\t\t\t\t<\/span>\n\t\t<\/div>\n\t\t<div class=\"media-body rtin-content\">\n\t\t\t\t\t\t<h3 class=\"rtin-item-title\">Une haute r\u00e9solution<\/h3>\n\t\t\t\t\t\t<div class=\"rtin-text\"><p>Nous utilisons l'impression \u00e0 1440 dpi, ce qui garantit la qualit\u00e9 et la clart\u00e9 de l'image<\/p><\/div>\n\t\t\t\t\t\t\n\t\t\t\t\t<\/div>\n\t<\/div>\n<\/div>\t\t<\/div>\n\t\t\t\t<\/div>\n\t\t\t\t<div class=\"elementor-element elementor-element-442e291 elementor-widget elementor-widget-rt-info-box\" data-id=\"442e291\" data-element_type=\"widget\" data-widget_type=\"rt-info-box.default\">\n\t\t\t\t<div class=\"elementor-widget-container\">\n\t\t\t<div class=\"info-box media info-style5 left\">\n\t<div class=\"rtin-item media rtin-icon\">\n\t\t<div class=\"rtin-media\">\n\t\t\t<span>\n\t\t\t\t\t\t\t\t\t<span  style=\"\"><i class=\"fa fa-check\" aria-hidden=\"true\"><\/i><\/span>\n\t\t\t\t\t\t\t<\/span>\n\t\t<\/div>\n\t\t<div class=\"media-body rtin-content\">\n\t\t\t\t\t\t<h3 class=\"rtin-item-title\">Temps de pr\u00e9paration<\/h3>\n\t\t\t\t\t\t<div class=\"rtin-text\"><p>Papier peint photo : 2-3 jours hors livraison<\/p><p>Fresque murale : 10-15 jours hors livraison<\/p><p>Tableau multi panneau \/ store photo : 5-6 jours hors livraiso<\/p><\/div>\n\t\t\t\t\t\t\n\t\t\t\t\t<\/div>\n\t<\/div>\n<\/div>\t\t<\/div>\n\t\t\t\t<\/div>\n\t\t\t\t\t<\/div>\n\t\t<\/div>\n\t\t\t\t\t<\/div>\n\t\t<\/section>\n\t\t\t\t<section class=\"elementor-section elementor-top-section elementor-element elementor-element-f0e1139 elementor-section-boxed elementor-section-height-default elementor-section-height-default\" data-id=\"f0e1139\" data-element_type=\"section\">\n\t\t\t\t\t\t<div class=\"elementor-container elementor-column-gap-default\">\n\t\t\t\t\t<div class=\"elementor-column elementor-col-100 elementor-top-column elementor-element elementor-element-5bb6574\" data-id=\"5bb6574\" data-element_type=\"column\">\n\t\t\t<div class=\"elementor-widget-wrap\">\n\t\t\t\t\t\t\t<\/div>\n\t\t<\/div>\n\t\t\t\t\t<\/div>\n\t\t<\/section>\n\t\t\t\t<\/div>\n\t\t","protected":false},"excerpt":{"rendered":"<p>\u00c0 propos de nous L&rsquo;entreprise est sp\u00e9cialis\u00e9e dans la production de papier peint photo 2D et 3D, \u00e9galement dans l&rsquo;\u00e9laboration de fresque murale, ainsi que de tableaux multi panneaux, et de store avec impression photo. Tout au long de notre carri\u00e8re, nous avons r\u00e9alis\u00e9 de nombreux projets originaux, sur des dimensions non standardis\u00e9es au choix [&hellip;]<\/p>\n","protected":false},"author":1,"featured_media":0,"parent":0,"menu_order":0,"comment_status":"closed","ping_status":"closed","template":"","meta":{"footnotes":""},"_links":{"self":[{"href":"https:\/\/les-murs-paint.com\/fr\/wp-json\/wp\/v2\/pages\/4499"}],"collection":[{"href":"https:\/\/les-murs-paint.com\/fr\/wp-json\/wp\/v2\/pages"}],"about":[{"href":"https:\/\/les-murs-paint.com\/fr\/wp-json\/wp\/v2\/types\/page"}],"author":[{"embeddable":true,"href":"https:\/\/les-murs-paint.com\/fr\/wp-json\/wp\/v2\/users\/1"}],"replies":[{"embeddable":true,"href":"https:\/\/les-murs-paint.com\/fr\/wp-json\/wp\/v2\/comments?post=4499"}],"version-history":[{"count":7,"href":"https:\/\/les-murs-paint.com\/fr\/wp-json\/wp\/v2\/pages\/4499\/revisions"}],"predecessor-version":[{"id":4531,"href":"https:\/\/les-murs-paint.com\/fr\/wp-json\/wp\/v2\/pages\/4499\/revisions\/4531"}],"wp:attachment":[{"href":"https:\/\/les-murs-paint.com\/fr\/wp-json\/wp\/v2\/media?parent=4499"}],"curies":[{"name":"wp","href":"https:\/\/api.w.org\/{rel}","templated":true}]}}